{"id":24462,"date":"2020-10-07T04:43:41","date_gmt":"2020-10-07T04:43:41","guid":{"rendered":"https:\/\/as-prim.ro\/index.php\/home\/"},"modified":"2026-04-08T18:41:17","modified_gmt":"2026-04-08T15:41:17","slug":"home-2","status":"publish","type":"page","link":"https:\/\/as-prim.ro\/","title":{"rendered":"Home"},"content":{"rendered":"\t\t<div data-elementor-type=\"wp-page\" data-elementor-id=\"24462\" class=\"elementor elementor-24462\">\n\t\t\t\t\t\t<section class=\"elementor-section elementor-top-section elementor-element elementor-element-14bc7ab elementor-section-full_width elementor-section-height-full elementor-section-height-default elementor-section-items-middle elementor-invisible\" data-id=\"14bc7ab\" data-element_type=\"section\" data-e-type=\"section\" data-settings=\"{&quot;background_background&quot;:&quot;classic&quot;,&quot;animation&quot;:&quot;fadeInDown&quot;}\">\n\t\t\t\t\t\t<div class=\"elementor-container elementor-column-gap-default\">\n\t\t\t\t\t<div class=\"elementor-column elementor-col-100 elementor-top-column elementor-element elementor-element-1b78501\" data-id=\"1b78501\" data-element_type=\"column\" data-e-type=\"column\">\n\t\t\t<div class=\"elementor-widget-wrap elementor-element-populated\">\n\t\t\t\t\t\t<div class=\"elementor-element elementor-element-8a180d7 elementor-widget-mobile__width-initial elementor-invisible elementor-widget elementor-widget-spacer\" data-id=\"8a180d7\" data-element_type=\"widget\" data-e-type=\"widget\" data-settings=\"{&quot;_animation&quot;:&quot;fadeIn&quot;}\" data-widget_type=\"spacer.default\">\n\t\t\t\t<div class=\"elementor-widget-container\">\n\t\t\t\t\t\t\t<div class=\"elementor-spacer\">\n\t\t\t<div class=\"elementor-spacer-inner\"><\/div>\n\t\t<\/div>\n\t\t\t\t\t\t<\/div>\n\t\t\t\t<\/div>\n\t\t\t\t\t<\/div>\n\t\t<\/div>\n\t\t\t\t\t<\/div>\n\t\t<\/section>\n\t\t\t\t<section class=\"elementor-section elementor-top-section elementor-element elementor-element-22a90ef elementor-section-full_width elementor-section-stretched elementor-section-height-default elementor-section-height-default\" data-id=\"22a90ef\" data-element_type=\"section\" data-e-type=\"section\" data-settings=\"{&quot;stretch_section&quot;:&quot;section-stretched&quot;,&quot;background_background&quot;:&quot;classic&quot;}\">\n\t\t\t\t\t\t<div class=\"elementor-container elementor-column-gap-default\">\n\t\t\t\t\t<div class=\"elementor-column elementor-col-100 elementor-top-column elementor-element elementor-element-bea49af\" data-id=\"bea49af\" data-element_type=\"column\" data-e-type=\"column\">\n\t\t\t<div class=\"elementor-widget-wrap elementor-element-populated\">\n\t\t\t\t\t\t<div class=\"elementor-element elementor-element-5d0d826 elementor-widget elementor-widget-heading\" data-id=\"5d0d826\" data-element_type=\"widget\" data-e-type=\"widget\" data-widget_type=\"heading.default\">\n\t\t\t\t<div class=\"elementor-widget-container\">\n\t\t\t\t\t<h2 class=\"elementor-heading-title elementor-size-default\">CREDITARE CMR <\/h2>\t\t\t\t<\/div>\n\t\t\t\t<\/div>\n\t\t\t\t<div class=\"elementor-element elementor-element-f71162f elementor-widget elementor-widget-heading\" data-id=\"f71162f\" data-element_type=\"widget\" data-e-type=\"widget\" data-widget_type=\"heading.default\">\n\t\t\t\t<div class=\"elementor-widget-container\">\n\t\t\t\t\t<h2 class=\"elementor-heading-title elementor-size-default\">18 PUNCTE - MEDICI<\/h2>\t\t\t\t<\/div>\n\t\t\t\t<\/div>\n\t\t\t\t<div class=\"elementor-element elementor-element-50f5fba elementor-widget elementor-widget-heading\" data-id=\"50f5fba\" data-element_type=\"widget\" data-e-type=\"widget\" data-widget_type=\"heading.default\">\n\t\t\t\t<div class=\"elementor-widget-container\">\n\t\t\t\t\t<h2 class=\"elementor-heading-title elementor-size-default\">12 PUNCTE - ASISTEN\u021aI MEDICALI<\/h2>\t\t\t\t<\/div>\n\t\t\t\t<\/div>\n\t\t\t\t\t<\/div>\n\t\t<\/div>\n\t\t\t\t\t<\/div>\n\t\t<\/section>\n\t\t\t\t<section class=\"elementor-section elementor-top-section elementor-element elementor-element-faa8ef1 elementor-section-boxed elementor-section-height-default elementor-section-height-default\" data-id=\"faa8ef1\" data-element_type=\"section\" data-e-type=\"section\">\n\t\t\t\t\t\t<div class=\"elementor-container elementor-column-gap-default\">\n\t\t\t\t\t<div class=\"elementor-column elementor-col-100 elementor-top-column elementor-element elementor-element-1e0c84c\" data-id=\"1e0c84c\" data-element_type=\"column\" data-e-type=\"column\">\n\t\t\t<div class=\"elementor-widget-wrap elementor-element-populated\">\n\t\t\t\t\t\t<div class=\"elementor-element elementor-element-2629635 elementor-widget elementor-widget-spacer\" data-id=\"2629635\" data-element_type=\"widget\" data-e-type=\"widget\" data-widget_type=\"spacer.default\">\n\t\t\t\t<div class=\"elementor-widget-container\">\n\t\t\t\t\t\t\t<div class=\"elementor-spacer\">\n\t\t\t<div class=\"elementor-spacer-inner\"><\/div>\n\t\t<\/div>\n\t\t\t\t\t\t<\/div>\n\t\t\t\t<\/div>\n\t\t\t\t\t<\/div>\n\t\t<\/div>\n\t\t\t\t\t<\/div>\n\t\t<\/section>\n\t\t\t\t<section class=\"elementor-section elementor-top-section elementor-element elementor-element-1b808b2 elementor-section-full_width elementor-section-height-default elementor-section-height-default\" data-id=\"1b808b2\" data-element_type=\"section\" data-e-type=\"section\">\n\t\t\t\t\t\t<div class=\"elementor-container elementor-column-gap-default\">\n\t\t\t\t\t<div class=\"elementor-column elementor-col-100 elementor-top-column elementor-element elementor-element-01ad276\" data-id=\"01ad276\" data-element_type=\"column\" data-e-type=\"column\">\n\t\t\t<div class=\"elementor-widget-wrap elementor-element-populated\">\n\t\t\t\t\t\t<div class=\"elementor-element elementor-element-4c64e5d elementor-widget elementor-widget-video\" data-id=\"4c64e5d\" data-element_type=\"widget\" data-e-type=\"widget\" data-settings=\"{&quot;video_type&quot;:&quot;dailymotion&quot;,&quot;start&quot;:0,&quot;autoplay&quot;:&quot;yes&quot;,&quot;play_on_mobile&quot;:&quot;yes&quot;,&quot;controls&quot;:&quot;yes&quot;}\" data-widget_type=\"video.default\">\n\t\t\t\t<div class=\"elementor-widget-container\">\n\t\t\t\t\t\t\t<div class=\"elementor-wrapper elementor-open-inline\">\n\t\t\t<iframe class=\"elementor-video-iframe\" allowfullscreen allow=\"autoplay\" title=\"Player video dailymotion\" src=\"https:\/\/dailymotion.com\/embed\/video\/x9zc1gc?autoplay=1&amp;playsinline=1&amp;ui-highlight&amp;start=0&amp;endscreen-enable=0&amp;controls=1&amp;mute=0&amp;ui-start-screen-info=0&amp;ui-logo=0\"><\/iframe>\t\t<\/div>\n\t\t\t\t\t\t<\/div>\n\t\t\t\t<\/div>\n\t\t\t\t\t<\/div>\n\t\t<\/div>\n\t\t\t\t\t<\/div>\n\t\t<\/section>\n\t\t\t\t<section class=\"elementor-section elementor-top-section elementor-element elementor-element-bb235fc elementor-section-boxed elementor-section-height-default elementor-section-height-default\" data-id=\"bb235fc\" data-element_type=\"section\" data-e-type=\"section\" data-settings=\"{&quot;background_background&quot;:&quot;classic&quot;}\">\n\t\t\t\t\t\t<div class=\"elementor-container elementor-column-gap-default\">\n\t\t\t\t\t<div class=\"elementor-column elementor-col-100 elementor-top-column elementor-element elementor-element-f66f1a5\" data-id=\"f66f1a5\" data-element_type=\"column\" data-e-type=\"column\">\n\t\t\t<div class=\"elementor-widget-wrap elementor-element-populated\">\n\t\t\t\t\t\t<div class=\"elementor-element elementor-element-92a50db elementor-widget elementor-widget-text-editor\" data-id=\"92a50db\" data-element_type=\"widget\" data-e-type=\"widget\" data-widget_type=\"text-editor.default\">\n\t\t\t\t<div class=\"elementor-widget-container\">\n\t\t\t\t\t\t\t\t\t<p><strong>Conferin\u021ba AS-PRIM 2026 \u2013 Bolile cronice \u00een prima linie<\/strong><\/p><p>Stimate Doamne, Stima\u021bi Domni,<\/p><p>V\u0103 invit\u0103m cu drag s\u0103 lua\u021bi parte la <strong>Conferin\u021ba AS-PRIM 2026 \u2013 <em>Bolile cronice \u00een prima linie<\/em><\/strong>, <strong>7-9 Mai 2026<\/strong>, un eveniment dedicat rolului esen\u021bial pe care asisten\u021ba medical\u0103 primar\u0103 \u00eel are \u00een preven\u021bia, depistarea timpurie \u0219i managementul bolilor cronice.<\/p><p>Conferin\u021ba este organizat\u0103 \u00een parteneriatul deja consacrat dintre <strong>Asocia\u021bia Medicilor de Familie<\/strong> \u0219i <strong>Universitatea Transilvania<\/strong>, gazda evenimentului \u0219i garantul s\u0103u \u0219tiin\u021bific. Aceast\u0103 colaborare consolideaz\u0103 leg\u0103tura fireasc\u0103 dintre practica medical\u0103, mediul academic \u0219i cercetarea aplicat\u0103, \u00een beneficiul pacien\u021bilor \u0219i al comunit\u0103\u021bii.<\/p><p>Bolile cronice r\u0103m\u00e2n una dintre cele mai mari provoc\u0103ri ale sistemelor de s\u0103n\u0103tate actuale, influen\u021b\u00e2nd profund mortalitatea, calitatea vie\u021bii \u0219i sustenabilitatea serviciilor medicale. \u00cen acest context, medicina de familie \u0219i \u00eengrijirea primar\u0103 sunt \u00een prima linie, prin continuitatea \u00eengrijirii, abordarea centrat\u0103 pe pacient \u0219i interven\u021biile eficiente la nivel individual \u0219i comunitar.<\/p><p><strong>AS-PRIM 2026 \u00ee\u0219i propune:<\/strong><\/p><ul><li>s\u0103 pun\u0103 \u00een lumin\u0103 rolul-cheie al asisten\u021bei medicale primare \u00een preven\u021bia \u0219i controlul bolilor cronice;<\/li><li>s\u0103 \u00eencurajeze abord\u0103rile interdisciplinare \u0219i deciziile bazate pe dovezi \u0219tiin\u021bifice;<\/li><li>s\u0103 creeze un spa\u021biu autentic de dialog \u0219i schimb de bune practici \u00eentre profesioni\u0219ti din s\u0103n\u0103tate, mediul academic \u0219i factorii de decizie.<\/li><\/ul><p>V\u0103 a\u0219tept\u0103m la o conferin\u021b\u0103 cu un <strong>format original \u0219i interactiv<\/strong>, \u00een care dialogul profesional, schimbul de idei \u0219i experien\u021ba practic\u0103 sunt \u00een centrul aten\u021biei.<\/p><p>\u00cen completarea programului \u0219tiin\u021bific, \u00een data <strong>de 10 Mai 2026<\/strong>, \u00a0va avea loc <strong>primul Congres al Societ\u0103\u021bii Academice de Medicin\u0103 a Stilului de Via\u021b\u0103<\/strong>, cu tema <em>\u201eInterdisciplinaritate \u00een medicina stilului de via\u021b\u0103\u201d<\/em>. Accentul va fi pus pe dovezile \u0219tiin\u021bifice actuale \u00een managementul bolilor cronice, cu focus pe nutri\u021bie, activitate fizic\u0103, somn, managementul stresului \u0219i modificarea comportamentelor de risc. Detalii: <a href=\"http:\/\/congres.aslm.ro\/\">http:\/\/congres.aslm.ro\/<\/a><\/p><p>V\u0103 invit\u0103m s\u0103 fi\u021bi parte din <strong>AS-PRIM 2026<\/strong>, s\u0103 contribui\u021bi activ la conturarea unor solu\u021bii moderne, integrate \u0219i sustenabile pentru \u00eengrijirea pacien\u021bilor cu boli cronice \u0219i pentru promovarea s\u0103n\u0103t\u0103\u021bii \u00een comunitate.<\/p><p>Cu considera\u021bie,<br \/><strong>Comitetul de Organizare AS-PRIM 2026<\/strong><\/p>\t\t\t\t\t\t\t\t<\/div>\n\t\t\t\t<\/div>\n\t\t\t\t<section class=\"elementor-section elementor-inner-section elementor-element elementor-element-b4942f9 elementor-section-boxed elementor-section-height-default elementor-section-height-default\" data-id=\"b4942f9\" data-element_type=\"section\" data-e-type=\"section\">\n\t\t\t\t\t\t<div class=\"elementor-container elementor-column-gap-default\">\n\t\t\t\t\t<div class=\"elementor-column elementor-col-100 elementor-inner-column elementor-element elementor-element-87c7227\" data-id=\"87c7227\" data-element_type=\"column\" data-e-type=\"column\">\n\t\t\t<div class=\"elementor-widget-wrap elementor-element-populated\">\n\t\t\t\t\t\t<div class=\"elementor-element elementor-element-46dc3ad elementor-widget elementor-widget-image\" data-id=\"46dc3ad\" data-element_type=\"widget\" data-e-type=\"widget\" data-widget_type=\"image.default\">\n\t\t\t\t<div class=\"elementor-widget-container\">\n\t\t\t\t\t\t\t\t\t\t\t\t\t\t\t<img decoding=\"async\" src=\"https:\/\/as-prim.ro\/wp-content\/uploads\/2023\/09\/neculau.png\" title=\"neculau\" alt=\"neculau\" loading=\"lazy\" \/>\t\t\t\t\t\t\t\t\t\t\t\t\t\t\t<\/div>\n\t\t\t\t<\/div>\n\t\t\t\t\t<\/div>\n\t\t<\/div>\n\t\t\t\t\t<\/div>\n\t\t<\/section>\n\t\t\t\t<div class=\"elementor-element elementor-element-84d2a00 elementor-widget elementor-widget-text-editor\" data-id=\"84d2a00\" data-element_type=\"widget\" data-e-type=\"widget\" data-widget_type=\"text-editor.default\">\n\t\t\t\t<div class=\"elementor-widget-container\">\n\t\t\t\t\t\t\t\t\t<p><strong>Prof. Dr. Med. Andrea Elena NECULAU\u00a0<\/strong><\/p><p><strong style=\"font-style: inherit; color: var( --e-global-color-secondary ); background-color: var( --e-global-color-astglobalcolor4 );\"><span style=\"font-style: inherit; color: var( --e-global-color-secondary ); font-family: var( --e-global-typography-text-font-family ), Sans-serif; background-color: var( --e-global-color-astglobalcolor4 );\">Pre\u0219edintele Conferin\u021bei AS-PRIM<\/span><\/strong><\/p><p><strong><span style=\"font-style: inherit; color: var( --e-global-color-secondary ); font-family: var( --e-global-typography-text-font-family ), Sans-serif; background-color: var( --e-global-color-astglobalcolor4 );\">Pre\u0219edinte Asocia\u021bia Medicilor de Familie din Bra\u0219ov 2008\u00a0<\/span><\/strong><\/p>\t\t\t\t\t\t\t\t<\/div>\n\t\t\t\t<\/div>\n\t\t\t\t<div class=\"elementor-element elementor-element-8d5c6c4 elementor-widget elementor-widget-spacer\" data-id=\"8d5c6c4\" data-element_type=\"widget\" data-e-type=\"widget\" data-widget_type=\"spacer.default\">\n\t\t\t\t<div class=\"elementor-widget-container\">\n\t\t\t\t\t\t\t<div class=\"elementor-spacer\">\n\t\t\t<div class=\"elementor-spacer-inner\"><\/div>\n\t\t<\/div>\n\t\t\t\t\t\t<\/div>\n\t\t\t\t<\/div>\n\t\t\t\t\t<\/div>\n\t\t<\/div>\n\t\t\t\t\t<\/div>\n\t\t<\/section>\n\t\t\t\t<section class=\"elementor-section elementor-top-section elementor-element elementor-element-724b07c elementor-section-boxed elementor-section-height-default elementor-section-height-default\" data-id=\"724b07c\" data-element_type=\"section\" data-e-type=\"section\">\n\t\t\t\t\t\t<div class=\"elementor-container elementor-column-gap-default\">\n\t\t\t\t\t<div class=\"elementor-column elementor-col-50 elementor-top-column elementor-element elementor-element-5830c74\" data-id=\"5830c74\" data-element_type=\"column\" data-e-type=\"column\">\n\t\t\t<div class=\"elementor-widget-wrap elementor-element-populated\">\n\t\t\t\t\t\t<div class=\"elementor-element elementor-element-dd11ad8 elementor-widget elementor-widget-text-editor\" data-id=\"dd11ad8\" data-element_type=\"widget\" data-e-type=\"widget\" data-widget_type=\"text-editor.default\">\n\t\t\t\t<div class=\"elementor-widget-container\">\n\t\t\t\t\t\t\t\t\t<p><strong>COMITETUL DE ORGANIZARE<\/strong><\/p><p>Prof. Dr. Andrea NECULAU<\/p><p>Asist. Drd. Anca L\u0102C\u0102TU\u0218<\/p><p>Asist. Drd. Laura ISOP<\/p><p>Dr. Simina DIACONU<\/p><p>Dr. Corina MIH\u0102ILESCU<\/p><p>Dr. Mirela CSABAI<\/p><p>Dr. Claudia POPA<\/p><p>Dr. Ovidiu ST\u0102NCESCU<\/p><p>Dr. Izabelle IAMANDI<\/p><p>Dr. Viorelia C\u0102M\u0102R\u0102\u0218AN<\/p><p>Manager conferin\u021b\u0103: Lector formator Mihaela GABOR NAIDIN<\/p>\t\t\t\t\t\t\t\t<\/div>\n\t\t\t\t<\/div>\n\t\t\t\t<div class=\"elementor-element elementor-element-bd08270 elementor-widget elementor-widget-spacer\" data-id=\"bd08270\" data-element_type=\"widget\" data-e-type=\"widget\" data-widget_type=\"spacer.default\">\n\t\t\t\t<div class=\"elementor-widget-container\">\n\t\t\t\t\t\t\t<div class=\"elementor-spacer\">\n\t\t\t<div class=\"elementor-spacer-inner\"><\/div>\n\t\t<\/div>\n\t\t\t\t\t\t<\/div>\n\t\t\t\t<\/div>\n\t\t\t\t\t<\/div>\n\t\t<\/div>\n\t\t\t\t<div class=\"elementor-column elementor-col-50 elementor-top-column elementor-element elementor-element-ecff20e\" data-id=\"ecff20e\" data-element_type=\"column\" data-e-type=\"column\">\n\t\t\t<div class=\"elementor-widget-wrap elementor-element-populated\">\n\t\t\t\t\t\t<div class=\"elementor-element elementor-element-a4ec976 elementor-widget elementor-widget-text-editor\" data-id=\"a4ec976\" data-element_type=\"widget\" data-e-type=\"widget\" data-widget_type=\"text-editor.default\">\n\t\t\t\t<div class=\"elementor-widget-container\">\n\t\t\t\t\t\t\t\t\t<p><b>COMITETUL \u0218TIIN\u021aIFIC<\/b><\/p><p>Prof. Dr. Andrea NECULAU<\/p><p style=\"font-size: 18px; font-style: normal; font-weight: 400;\">Asist. Drd. Anca L\u0102C\u0102TU\u0218<\/p><p style=\"font-size: 18px; font-style: normal; font-weight: 400;\">Asist. Drd. Laura ISOP<\/p><p>Prof. Univ. Dr. Marius Alexandru MOGA<\/p><p>Prof. Univ. Dr. Liliana ROGOZEA<\/p><p>Prof. Univ. Dr. Lorena DIMA<\/p><p>Prof. Univ. Dr. Petre IFTENI<\/p><p>Conf. Univ. Dr. Sebastian TOMA<\/p><p>Prof. Dr. Marius IRIMIE<\/p>\t\t\t\t\t\t\t\t<\/div>\n\t\t\t\t<\/div>\n\t\t\t\t<div class=\"elementor-element elementor-element-850e440 elementor-widget elementor-widget-spacer\" data-id=\"850e440\" data-element_type=\"widget\" data-e-type=\"widget\" data-widget_type=\"spacer.default\">\n\t\t\t\t<div class=\"elementor-widget-container\">\n\t\t\t\t\t\t\t<div class=\"elementor-spacer\">\n\t\t\t<div class=\"elementor-spacer-inner\"><\/div>\n\t\t<\/div>\n\t\t\t\t\t\t<\/div>\n\t\t\t\t<\/div>\n\t\t\t\t\t<\/div>\n\t\t<\/div>\n\t\t\t\t\t<\/div>\n\t\t<\/section>\n\t\t\t\t<section class=\"elementor-section elementor-top-section elementor-element elementor-element-578dc3d elementor-section-boxed elementor-section-height-default elementor-section-height-default\" data-id=\"578dc3d\" data-element_type=\"section\" data-e-type=\"section\" data-settings=\"{&quot;background_background&quot;:&quot;classic&quot;}\">\n\t\t\t\t\t\t<div class=\"elementor-container elementor-column-gap-default\">\n\t\t\t\t\t<div class=\"elementor-column elementor-col-100 elementor-top-column elementor-element elementor-element-5d41143\" data-id=\"5d41143\" data-element_type=\"column\" data-e-type=\"column\" data-settings=\"{&quot;background_background&quot;:&quot;classic&quot;}\">\n\t\t\t<div class=\"elementor-widget-wrap elementor-element-populated\">\n\t\t\t\t\t\t<section class=\"elementor-section elementor-inner-section elementor-element elementor-element-7e51f41 elementor-section-boxed elementor-section-height-default elementor-section-height-default\" data-id=\"7e51f41\" data-element_type=\"section\" data-e-type=\"section\">\n\t\t\t\t\t\t<div class=\"elementor-container elementor-column-gap-default\">\n\t\t\t\t\t<div class=\"elementor-column elementor-col-50 elementor-inner-column elementor-element elementor-element-9844bfb\" data-id=\"9844bfb\" data-element_type=\"column\" data-e-type=\"column\">\n\t\t\t<div class=\"elementor-widget-wrap elementor-element-populated\">\n\t\t\t\t\t\t<div class=\"elementor-element elementor-element-34a5eed elementor-widget__width-initial elementor-widget elementor-widget-heading\" data-id=\"34a5eed\" data-element_type=\"widget\" data-e-type=\"widget\" data-widget_type=\"heading.default\">\n\t\t\t\t<div class=\"elementor-widget-container\">\n\t\t\t\t\t<h1 class=\"elementor-heading-title elementor-size-default\">AS-PRIM este prima conferin\u021b\u0103 pentru Asisten\u021ba Medical\u0103 Primar\u0103 din Rom\u00e2nia organizat\u0103 \u00eentr-un mod prietenos cu mediul.<\/h1>\t\t\t\t<\/div>\n\t\t\t\t<\/div>\n\t\t\t\t<div class=\"elementor-element elementor-element-8c38883 elementor-widget elementor-widget-spacer\" data-id=\"8c38883\" data-element_type=\"widget\" data-e-type=\"widget\" data-widget_type=\"spacer.default\">\n\t\t\t\t<div class=\"elementor-widget-container\">\n\t\t\t\t\t\t\t<div class=\"elementor-spacer\">\n\t\t\t<div class=\"elementor-spacer-inner\"><\/div>\n\t\t<\/div>\n\t\t\t\t\t\t<\/div>\n\t\t\t\t<\/div>\n\t\t\t\t<div class=\"elementor-element elementor-element-5c74225 elementor-widget elementor-widget-spacer\" data-id=\"5c74225\" data-element_type=\"widget\" data-e-type=\"widget\" data-widget_type=\"spacer.default\">\n\t\t\t\t<div class=\"elementor-widget-container\">\n\t\t\t\t\t\t\t<div class=\"elementor-spacer\">\n\t\t\t<div class=\"elementor-spacer-inner\"><\/div>\n\t\t<\/div>\n\t\t\t\t\t\t<\/div>\n\t\t\t\t<\/div>\n\t\t\t\t\t<\/div>\n\t\t<\/div>\n\t\t\t\t<div class=\"elementor-column elementor-col-50 elementor-inner-column elementor-element elementor-element-aa33789\" data-id=\"aa33789\" data-element_type=\"column\" data-e-type=\"column\">\n\t\t\t<div class=\"elementor-widget-wrap elementor-element-populated\">\n\t\t\t\t\t\t<div class=\"elementor-element elementor-element-7a64808 elementor-widget elementor-widget-image\" data-id=\"7a64808\" data-element_type=\"widget\" data-e-type=\"widget\" data-widget_type=\"image.default\">\n\t\t\t\t<div class=\"elementor-widget-container\">\n\t\t\t\t\t\t\t\t\t\t\t\t\t\t\t<img fetchpriority=\"high\" decoding=\"async\" width=\"940\" height=\"788\" src=\"https:\/\/as-prim.ro\/wp-content\/uploads\/2026\/02\/eco-friendly-facebook-2026.png\" class=\"attachment-full size-full wp-image-28417\" alt=\"\" srcset=\"https:\/\/as-prim.ro\/wp-content\/uploads\/2026\/02\/eco-friendly-facebook-2026.png 940w, https:\/\/as-prim.ro\/wp-content\/uploads\/2026\/02\/eco-friendly-facebook-2026-600x503.png 600w, https:\/\/as-prim.ro\/wp-content\/uploads\/2026\/02\/eco-friendly-facebook-2026-300x251.png 300w, https:\/\/as-prim.ro\/wp-content\/uploads\/2026\/02\/eco-friendly-facebook-2026-768x644.png 768w\" sizes=\"(max-width: 940px) 100vw, 940px\" \/>\t\t\t\t\t\t\t\t\t\t\t\t\t\t\t<\/div>\n\t\t\t\t<\/div>\n\t\t\t\t\t<\/div>\n\t\t<\/div>\n\t\t\t\t\t<\/div>\n\t\t<\/section>\n\t\t\t\t<div class=\"elementor-element elementor-element-cc2b524 elementor-widget elementor-widget-spacer\" data-id=\"cc2b524\" data-element_type=\"widget\" data-e-type=\"widget\" data-widget_type=\"spacer.default\">\n\t\t\t\t<div class=\"elementor-widget-container\">\n\t\t\t\t\t\t\t<div class=\"elementor-spacer\">\n\t\t\t<div class=\"elementor-spacer-inner\"><\/div>\n\t\t<\/div>\n\t\t\t\t\t\t<\/div>\n\t\t\t\t<\/div>\n\t\t\t\t\t<\/div>\n\t\t<\/div>\n\t\t\t\t\t<\/div>\n\t\t<\/section>\n\t\t\t\t<section class=\"elementor-section elementor-top-section elementor-element elementor-element-16cb858 elementor-section-boxed elementor-section-height-default elementor-section-height-default\" data-id=\"16cb858\" data-element_type=\"section\" data-e-type=\"section\" data-settings=\"{&quot;background_background&quot;:&quot;classic&quot;}\">\n\t\t\t\t\t\t<div class=\"elementor-container elementor-column-gap-default\">\n\t\t\t\t\t<div class=\"elementor-column elementor-col-50 elementor-top-column elementor-element elementor-element-c6096ca\" data-id=\"c6096ca\" data-element_type=\"column\" data-e-type=\"column\">\n\t\t\t<div class=\"elementor-widget-wrap elementor-element-populated\">\n\t\t\t\t\t\t<div class=\"elementor-element elementor-element-01f3a74 elementor-widget elementor-widget-image\" data-id=\"01f3a74\" data-element_type=\"widget\" data-e-type=\"widget\" data-widget_type=\"image.default\">\n\t\t\t\t<div class=\"elementor-widget-container\">\n\t\t\t\t\t\t\t\t\t\t\t\t\t\t\t<img decoding=\"async\" width=\"269\" height=\"105\" src=\"https:\/\/as-prim.ro\/wp-content\/uploads\/2022\/06\/UNIVTB-01.png\" class=\"attachment-medium size-medium wp-image-24479\" alt=\"\" \/>\t\t\t\t\t\t\t\t\t\t\t\t\t\t\t<\/div>\n\t\t\t\t<\/div>\n\t\t\t\t\t<\/div>\n\t\t<\/div>\n\t\t\t\t<div class=\"elementor-column elementor-col-50 elementor-top-column elementor-element elementor-element-255e7cc\" data-id=\"255e7cc\" data-element_type=\"column\" data-e-type=\"column\">\n\t\t\t<div class=\"elementor-widget-wrap elementor-element-populated\">\n\t\t\t\t\t\t<div class=\"elementor-element elementor-element-b3a474c elementor-widget elementor-widget-image\" data-id=\"b3a474c\" data-element_type=\"widget\" data-e-type=\"widget\" data-widget_type=\"image.default\">\n\t\t\t\t<div class=\"elementor-widget-container\">\n\t\t\t\t\t\t\t\t\t\t\t\t\t\t\t<img decoding=\"async\" width=\"241\" height=\"300\" src=\"https:\/\/as-prim.ro\/wp-content\/uploads\/2022\/06\/logo_amf_bv-removebg-preview-241x300.png\" class=\"attachment-medium size-medium wp-image-24478\" alt=\"\" srcset=\"https:\/\/as-prim.ro\/wp-content\/uploads\/2022\/06\/logo_amf_bv-removebg-preview-241x300.png 241w, https:\/\/as-prim.ro\/wp-content\/uploads\/2022\/06\/logo_amf_bv-removebg-preview-e1777796789567.png 100w\" sizes=\"(max-width: 241px) 100vw, 241px\" \/>\t\t\t\t\t\t\t\t\t\t\t\t\t\t\t<\/div>\n\t\t\t\t<\/div>\n\t\t\t\t\t<\/div>\n\t\t<\/div>\n\t\t\t\t\t<\/div>\n\t\t<\/section>\n\t\t\t\t<\/div>\n\t\t","protected":false},"excerpt":{"rendered":"<p>CREDITARE CMR 18 PUNCTE &#8211; MEDICI 12 PUNCTE &#8211; ASISTEN\u021aI MEDICALI https:\/\/www.dailymotion.com\/video\/x9zc1gc Conferin\u021ba AS-PRIM 2026 \u2013 Bolile cronice \u00een prima linie Stimate Doamne, Stima\u021bi Domni, V\u0103 invit\u0103m cu drag s\u0103 lua\u021bi parte la Conferin\u021ba AS-PRIM 2026 \u2013 Bolile cronice \u00een prima linie, 7-9 Mai 2026, un eveniment dedicat rolului esen\u021bial pe care asisten\u021ba medical\u0103 primar\u0103&#8230;<\/p>\n","protected":false},"author":1,"featured_media":0,"parent":0,"menu_order":0,"comment_status":"closed","ping_status":"closed","template":"","meta":{"site-sidebar-layout":"no-sidebar","site-content-layout":"page-builder","ast-site-content-layout":"","site-content-style":"default","site-sidebar-style":"default","ast-global-header-display":"","ast-banner-title-visibility":"","ast-main-header-display":"","ast-hfb-above-header-display":"","ast-hfb-below-header-display":"","ast-hfb-mobile-header-display":"","site-post-title":"disabled","ast-breadcrumbs-content":"","ast-featured-img":"disabled","footer-sml-layout":"","theme-transparent-header-meta":"default","adv-header-id-meta":"","stick-header-meta":"","header-above-stick-meta":"","header-main-stick-meta":"","header-below-stick-meta":"","astra-migrate-meta-layouts":"","footnotes":""},"class_list":["post-24462","page","type-page","status-publish","hentry"],"_links":{"self":[{"href":"https:\/\/as-prim.ro\/index.php?rest_route=\/wp\/v2\/pages\/24462","targetHints":{"allow":["GET"]}}],"collection":[{"href":"https:\/\/as-prim.ro\/index.php?rest_route=\/wp\/v2\/pages"}],"about":[{"href":"https:\/\/as-prim.ro\/index.php?rest_route=\/wp\/v2\/types\/page"}],"author":[{"embeddable":true,"href":"https:\/\/as-prim.ro\/index.php?rest_route=\/wp\/v2\/users\/1"}],"replies":[{"embeddable":true,"href":"https:\/\/as-prim.ro\/index.php?rest_route=%2Fwp%2Fv2%2Fcomments&post=24462"}],"version-history":[{"count":559,"href":"https:\/\/as-prim.ro\/index.php?rest_route=\/wp\/v2\/pages\/24462\/revisions"}],"predecessor-version":[{"id":28896,"href":"https:\/\/as-prim.ro\/index.php?rest_route=\/wp\/v2\/pages\/24462\/revisions\/28896"}],"wp:attachment":[{"href":"https:\/\/as-prim.ro\/index.php?rest_route=%2Fwp%2Fv2%2Fmedia&parent=24462"}],"curies":[{"name":"wp","href":"https:\/\/api.w.org\/{rel}","templated":true}]}}