{"id":24633,"date":"2022-06-28T11:57:37","date_gmt":"2022-06-28T08:57:37","guid":{"rendered":"https:\/\/as-prim.ro\/?page_id=24633"},"modified":"2026-02-12T19:05:40","modified_gmt":"2026-02-12T16:05:40","slug":"taxe-2","status":"publish","type":"page","link":"https:\/\/as-prim.ro\/?page_id=24633","title":{"rendered":"Taxe"},"content":{"rendered":"\t\t<div data-elementor-type=\"wp-page\" data-elementor-id=\"24633\" class=\"elementor elementor-24633\">\n\t\t\t\t\t\t<section class=\"elementor-section elementor-top-section elementor-element elementor-element-3bd015cf elementor-section-boxed elementor-section-height-default elementor-section-height-default\" data-id=\"3bd015cf\" data-element_type=\"section\" data-e-type=\"section\" data-settings=\"{&quot;background_background&quot;:&quot;classic&quot;}\">\n\t\t\t\t\t\t\t<div class=\"elementor-background-overlay\"><\/div>\n\t\t\t\t\t\t\t<div class=\"elementor-container elementor-column-gap-default\">\n\t\t\t\t\t<div class=\"elementor-column elementor-col-100 elementor-top-column elementor-element elementor-element-11bae282\" data-id=\"11bae282\" data-element_type=\"column\" data-e-type=\"column\" data-settings=\"{&quot;background_background&quot;:&quot;classic&quot;}\">\n\t\t\t<div class=\"elementor-widget-wrap elementor-element-populated\">\n\t\t\t\t\t\t<div class=\"elementor-element elementor-element-3d18d0a1 elementor-widget elementor-widget-spacer\" data-id=\"3d18d0a1\" data-element_type=\"widget\" data-e-type=\"widget\" data-widget_type=\"spacer.default\">\n\t\t\t\t<div class=\"elementor-widget-container\">\n\t\t\t\t\t\t\t<div class=\"elementor-spacer\">\n\t\t\t<div class=\"elementor-spacer-inner\"><\/div>\n\t\t<\/div>\n\t\t\t\t\t\t<\/div>\n\t\t\t\t<\/div>\n\t\t\t\t<div class=\"elementor-element elementor-element-75410abf elementor-widget__width-initial elementor-widget-mobile__width-initial elementor-widget elementor-widget-heading\" data-id=\"75410abf\" data-element_type=\"widget\" data-e-type=\"widget\" data-widget_type=\"heading.default\">\n\t\t\t\t<div class=\"elementor-widget-container\">\n\t\t\t\t\t<h1 class=\"elementor-heading-title elementor-size-default\">Conferin\u021ba Profesioni\u0219tilor din <br>Asisten\u021ba Medical\u0103 Primar\u0103<\/h1>\t\t\t\t<\/div>\n\t\t\t\t<\/div>\n\t\t\t\t<div class=\"elementor-element elementor-element-180e0ec6 elementor-widget-divider--view-line elementor-widget elementor-widget-divider\" data-id=\"180e0ec6\" data-element_type=\"widget\" data-e-type=\"widget\" data-widget_type=\"divider.default\">\n\t\t\t\t<div class=\"elementor-widget-container\">\n\t\t\t\t\t\t\t<div class=\"elementor-divider\">\n\t\t\t<span class=\"elementor-divider-separator\">\n\t\t\t\t\t\t<\/span>\n\t\t<\/div>\n\t\t\t\t\t\t<\/div>\n\t\t\t\t<\/div>\n\t\t\t\t<div class=\"elementor-element elementor-element-1cc3849b elementor-widget__width-initial elementor-widget elementor-widget-heading\" data-id=\"1cc3849b\" data-element_type=\"widget\" data-e-type=\"widget\" data-widget_type=\"heading.default\">\n\t\t\t\t<div class=\"elementor-widget-container\">\n\t\t\t\t\t<h1 class=\"elementor-heading-title elementor-size-default\">7-9 MAI 2026<\/h1>\t\t\t\t<\/div>\n\t\t\t\t<\/div>\n\t\t\t\t<div class=\"elementor-element elementor-element-434b087 elementor-widget elementor-widget-heading\" data-id=\"434b087\" data-element_type=\"widget\" data-e-type=\"widget\" data-widget_type=\"heading.default\">\n\t\t\t\t<div class=\"elementor-widget-container\">\n\t\t\t\t\t<h2 class=\"elementor-heading-title elementor-size-default\">\u00ceMPREUN\u0102 PENTRU ASISTEN\u021aA PRIMAR\u0102!<\/h2>\t\t\t\t<\/div>\n\t\t\t\t<\/div>\n\t\t\t\t<div class=\"elementor-element elementor-element-66106226 elementor-widget__width-initial elementor-widget elementor-widget-heading\" data-id=\"66106226\" data-element_type=\"widget\" data-e-type=\"widget\" data-widget_type=\"heading.default\">\n\t\t\t\t<div class=\"elementor-widget-container\">\n\t\t\t\t\t<h1 class=\"elementor-heading-title elementor-size-default\">BRA\u0218OV \/ Aula \u201eSergiu T. Chiriacescu\u201d a Universit\u0103\u021bii Transilvania Bra\u0219ov<br><\/h1>\t\t\t\t<\/div>\n\t\t\t\t<\/div>\n\t\t\t\t<div class=\"elementor-element elementor-element-28e2e1d6 elementor-widget-divider--view-line elementor-widget elementor-widget-divider\" data-id=\"28e2e1d6\" data-element_type=\"widget\" data-e-type=\"widget\" data-widget_type=\"divider.default\">\n\t\t\t\t<div class=\"elementor-widget-container\">\n\t\t\t\t\t\t\t<div class=\"elementor-divider\">\n\t\t\t<span class=\"elementor-divider-separator\">\n\t\t\t\t\t\t<\/span>\n\t\t<\/div>\n\t\t\t\t\t\t<\/div>\n\t\t\t\t<\/div>\n\t\t\t\t<div class=\"elementor-element elementor-element-5aac5adb elementor-widget elementor-widget-spacer\" data-id=\"5aac5adb\" data-element_type=\"widget\" data-e-type=\"widget\" data-widget_type=\"spacer.default\">\n\t\t\t\t<div class=\"elementor-widget-container\">\n\t\t\t\t\t\t\t<div class=\"elementor-spacer\">\n\t\t\t<div class=\"elementor-spacer-inner\"><\/div>\n\t\t<\/div>\n\t\t\t\t\t\t<\/div>\n\t\t\t\t<\/div>\n\t\t\t\t<div class=\"elementor-element elementor-element-09f8817 elementor-button-info elementor-align-left elementor-widget elementor-widget-button\" data-id=\"09f8817\" data-element_type=\"widget\" data-e-type=\"widget\" data-widget_type=\"button.default\">\n\t\t\t\t<div class=\"elementor-widget-container\">\n\t\t\t\t\t\t\t\t\t<div class=\"elementor-button-wrapper\">\n\t\t\t\t\t<a class=\"elementor-button elementor-button-link elementor-size-xl\" href=\"https:\/\/as-prim.ro\/?page_id=24549\">\n\t\t\t\t\t\t<span class=\"elementor-button-content-wrapper\">\n\t\t\t\t\t\t\t\t\t<span class=\"elementor-button-text\">\u00cenregistreaz\u0103-te!<\/span>\n\t\t\t\t\t<\/span>\n\t\t\t\t\t<\/a>\n\t\t\t\t<\/div>\n\t\t\t\t\t\t\t\t<\/div>\n\t\t\t\t<\/div>\n\t\t\t\t<div class=\"elementor-element elementor-element-e22bfd8 elementor-widget elementor-widget-spacer\" data-id=\"e22bfd8\" data-element_type=\"widget\" data-e-type=\"widget\" data-widget_type=\"spacer.default\">\n\t\t\t\t<div class=\"elementor-widget-container\">\n\t\t\t\t\t\t\t<div class=\"elementor-spacer\">\n\t\t\t<div class=\"elementor-spacer-inner\"><\/div>\n\t\t<\/div>\n\t\t\t\t\t\t<\/div>\n\t\t\t\t<\/div>\n\t\t\t\t\t<\/div>\n\t\t<\/div>\n\t\t\t\t\t<\/div>\n\t\t<\/section>\n\t\t\t\t<section class=\"elementor-section elementor-top-section elementor-element elementor-element-413395f elementor-section-boxed elementor-section-height-default elementor-section-height-default\" data-id=\"413395f\" data-element_type=\"section\" data-e-type=\"section\" data-settings=\"{&quot;background_background&quot;:&quot;classic&quot;}\">\n\t\t\t\t\t\t<div class=\"elementor-container elementor-column-gap-default\">\n\t\t\t\t\t<div class=\"elementor-column elementor-col-100 elementor-top-column elementor-element elementor-element-2ef4409\" data-id=\"2ef4409\" data-element_type=\"column\" data-e-type=\"column\" data-settings=\"{&quot;background_background&quot;:&quot;classic&quot;}\">\n\t\t\t<div class=\"elementor-widget-wrap elementor-element-populated\">\n\t\t\t\t\t\t<div class=\"elementor-element elementor-element-65f6549 elementor-widget elementor-widget-spacer\" data-id=\"65f6549\" data-element_type=\"widget\" data-e-type=\"widget\" data-widget_type=\"spacer.default\">\n\t\t\t\t<div class=\"elementor-widget-container\">\n\t\t\t\t\t\t\t<div class=\"elementor-spacer\">\n\t\t\t<div class=\"elementor-spacer-inner\"><\/div>\n\t\t<\/div>\n\t\t\t\t\t\t<\/div>\n\t\t\t\t<\/div>\n\t\t\t\t<div class=\"elementor-element elementor-element-ec172e8 elementor-widget__width-initial elementor-widget-mobile__width-initial elementor-widget elementor-widget-heading\" data-id=\"ec172e8\" data-element_type=\"widget\" data-e-type=\"widget\" data-widget_type=\"heading.default\">\n\t\t\t\t<div class=\"elementor-widget-container\">\n\t\t\t\t\t<h2 class=\"elementor-heading-title elementor-size-default\">Taxe<\/h2>\t\t\t\t<\/div>\n\t\t\t\t<\/div>\n\t\t\t\t<div class=\"elementor-element elementor-element-182a5ad elementor-widget-divider--view-line elementor-widget elementor-widget-divider\" data-id=\"182a5ad\" data-element_type=\"widget\" data-e-type=\"widget\" data-widget_type=\"divider.default\">\n\t\t\t\t<div class=\"elementor-widget-container\">\n\t\t\t\t\t\t\t<div class=\"elementor-divider\">\n\t\t\t<span class=\"elementor-divider-separator\">\n\t\t\t\t\t\t<\/span>\n\t\t<\/div>\n\t\t\t\t\t\t<\/div>\n\t\t\t\t<\/div>\n\t\t\t\t<div class=\"elementor-element elementor-element-875573d elementor-widget elementor-widget-text-editor\" data-id=\"875573d\" data-element_type=\"widget\" data-e-type=\"widget\" data-widget_type=\"text-editor.default\">\n\t\t\t\t<div class=\"elementor-widget-container\">\n\t\t\t\t\t\t\t\t\t<p><span style=\"font-weight: 400;\">V\u0103 a\u0219tept\u0103m \u00eentre 7-9 Mai 2026 \u00een ora\u0219ul de poalele T\u00e2mpei pentru a lua parte la un program \u0219tiin\u021bific special creat pentru profesioni\u0219tii din domeniul medical! V\u0103 punem la dispozi\u021bie trei tipuri de bilete \u0219i v\u0103 invit\u0103m s\u0103 \u00eel alege\u021bi pe cel potrivit pentru dumneavoastr\u0103.<\/span><\/p><p><b>TAXA DE PARTICIPARE ON-SITE\u00a0<\/b><\/p><table><tbody><tr><td><p><b>CATEGORIE<\/b><\/p><\/td><td><p><b>EARLY<\/b><\/p><p><b>PARTICIPANT<\/b><\/p><\/td><td><p><b>REGULAR<\/b><\/p><p><b>PARTICIPANT<\/b><\/p><\/td><td><p><b>LATE<\/b><\/p><p><b>PARTICIPANT<\/b><\/p><\/td><\/tr><tr><td><p><span style=\"font-weight: 400;\">Medici primari, speciali\u0219ti- membri AMFBV<\/span><\/p><\/td><td><p><span style=\"font-weight: 400;\">300 RON<\/span><\/p><\/td><td><p><span style=\"font-weight: 400;\">300 RON<\/span><\/p><\/td><td><p><span style=\"font-weight: 400;\">300 RON<\/span><\/p><\/td><\/tr><tr><td><p><span style=\"font-weight: 400;\">Medici primari, speciali\u0219ti- non-membri AMFBV<\/span><\/p><\/td><td><p><span style=\"font-weight: 400;\">400 RON<\/span><\/p><\/td><td><p><span style=\"font-weight: 400;\">450 RON<\/span><\/p><\/td><td><p><span style=\"font-weight: 400;\">550 RON<\/span><\/p><\/td><\/tr><tr><td><p><span style=\"font-weight: 400;\">Medici reziden\u021bi<\/span><\/p><\/td><td><p><span style=\"font-weight: 400;\">200 RON<\/span><\/p><\/td><td><p><span style=\"font-weight: 400;\">250 RON<\/span><\/p><\/td><td><p><span style=\"font-weight: 400;\">350 RON<\/span><\/p><\/td><\/tr><tr><td><p><span style=\"font-weight: 400;\">Asisten\u021bi medicali<\/span><\/p><\/td><td><p><span style=\"font-weight: 400;\">200 RON<\/span><\/p><\/td><td><p><span style=\"font-weight: 400;\">250 RON<\/span><\/p><\/td><td><p><span style=\"font-weight: 400;\">300 RON<\/span><\/p><\/td><\/tr><tr><td><p><span style=\"font-weight: 400;\">Profesioni\u0219ti din profesii afiliate (medici stomatologi, psihologi, farmaci\u0219ti)*<\/span><\/p><\/td><td><p><span style=\"font-weight: 400;\">400 RON<\/span><\/p><\/td><td><p><span style=\"font-weight: 400;\">450 RON<\/span><\/p><\/td><td><p><span style=\"font-weight: 400;\">550 RON<\/span><\/p><\/td><\/tr><\/tbody><\/table><ul><li style=\"font-weight: 400;\" aria-level=\"1\"><span style=\"font-weight: 400;\">Taxa Early Participant este valabil\u0103 p\u00e2n\u0103 la data de <strong>15.03.2026<\/strong>, ora 22:00.<\/span><\/li><li style=\"font-weight: 400;\" aria-level=\"1\"><span style=\"font-weight: 400;\">Taxa Regular Participant este valabil\u0103 p\u00e2n\u0103 la data de <strong>15.04.2026<\/strong>, ora 22:00.<\/span><\/li><li style=\"font-weight: 400;\" aria-level=\"1\"><span style=\"font-weight: 400;\">Taxa Late Participant este valabil\u0103 p\u00e2n\u0103 la data de <strong>01.05.2026<\/strong>, ora 22:00.<\/span><\/li><\/ul><p><strong>Biletul<\/strong>\u00a0v\u0103 asigur\u0103:<\/p><ul><li>Participare la toate sesiunile plenare;<\/li><li>Participare la 3 Workshop-uri, \u00een limita locurilor disponibile;<\/li><li>Creditare CMR \u0219i OAMMR, dac\u0103 participantul ia parte la cel pu\u021bin 70% din sesiunile conferin\u021bei;<\/li><li>Mapa conferin\u021bei;<\/li><li>Coffee Break &amp; Lunch.<\/li><\/ul><p>*Pentru aceste categorii de profesioni\u0219ti pot fi oferite taxe de participare reduse pentru sesiuni dedicate.<\/p><p>Comitetul de Organizare AS-PRIM dore\u0219te s\u0103 ofere participan\u021bilor o experien\u021b\u0103 inedit\u0103, \u00een timp ce suntem prieteno\u0219i cu mediul. Pentru a afla mai multe despre ce \u00eenseamn\u0103 o conferin\u021b\u0103 prietenoas\u0103 cu mediul, vizita\u021bi pagina <a href=\"https:\/\/as-prim.ro\/\">Home.<\/a><\/p><p>De asemenea, \u00eentruc\u00e2t mai avem \u0219i alte surprize de anun\u021bat, v\u0103 invit\u0103m s\u0103 urm\u0103ri\u021bi paginile noastre:<\/p><p>Facebook: <a href=\"https:\/\/www.facebook.com\/profile.php?id=100083389868310\">Conferin\u021ba AS-PRIM Bra\u0219ov<\/a><\/p><p>Instagram: <a href=\"https:\/\/www.instagram.com\/asprim_brasov\/\">asprim_brasov<\/a><\/p><p><span style=\"font-weight: 400;\">\u00cen cazul imposibilit\u0103\u021bii de a valida prezen\u021ba, suma aferent\u0103 taxei de participare se poate folosi \u00een cadrul edi\u021biei urm\u0103toare sau se poate restitui:<\/span><\/p><ul><li style=\"font-weight: 400;\" aria-level=\"1\"><span style=\"font-weight: 400;\">integral, dac\u0103 eMail-ul de notificare se \u00eenregistreaz\u0103 p\u00e2n\u0103 la data de 01.04.2026, ora 22:00;<\/span><\/li><li style=\"font-weight: 400;\" aria-level=\"1\"><span style=\"font-weight: 400;\">50% din sum\u0103, dac\u0103 cererea se \u00eenregistreaz\u0103 p\u00e2n\u0103 la data de 01.05.2026, ora 22:00.\u00a0<\/span><\/li><li style=\"font-weight: 400;\" aria-level=\"1\"><span style=\"font-weight: 400;\">\u00eencep\u00e2nd cu data de 02.05.2026, cererile de returnare a taxei de participare nu se onoreaz\u0103.<\/span><\/li><\/ul><p><span style=\"font-weight: 400;\">Solicitarea de returnare a taxei de participare se trimite, al\u0103turi de dovada pl\u0103\u021bii, la adresa de eMail <\/span><a href=\"mailto:asprimbrasov@gmail.com\"><span style=\"font-weight: 400;\">asprimbrasov@gmail.com<\/span><\/a><span style=\"font-weight: 400;\">.<\/span><\/p>\t\t\t\t\t\t\t\t<\/div>\n\t\t\t\t<\/div>\n\t\t\t\t<div class=\"elementor-element elementor-element-9de67b9 elementor-widget elementor-widget-spacer\" data-id=\"9de67b9\" data-element_type=\"widget\" data-e-type=\"widget\" data-widget_type=\"spacer.default\">\n\t\t\t\t<div class=\"elementor-widget-container\">\n\t\t\t\t\t\t\t<div class=\"elementor-spacer\">\n\t\t\t<div class=\"elementor-spacer-inner\"><\/div>\n\t\t<\/div>\n\t\t\t\t\t\t<\/div>\n\t\t\t\t<\/div>\n\t\t\t\t\t<\/div>\n\t\t<\/div>\n\t\t\t\t\t<\/div>\n\t\t<\/section>\n\t\t\t\t<\/div>\n\t\t","protected":false},"excerpt":{"rendered":"<p>Conferin\u021ba Profesioni\u0219tilor din Asisten\u021ba Medical\u0103 Primar\u0103 7-9 MAI 2026 \u00ceMPREUN\u0102 PENTRU ASISTEN\u021aA PRIMAR\u0102! BRA\u0218OV \/ Aula \u201eSergiu T. Chiriacescu\u201d a Universit\u0103\u021bii Transilvania Bra\u0219ov \u00cenregistreaz\u0103-te! Taxe V\u0103 a\u0219tept\u0103m \u00eentre 7-9 Mai 2026 \u00een ora\u0219ul de poalele T\u00e2mpei pentru a lua parte la un program \u0219tiin\u021bific special creat pentru profesioni\u0219tii din domeniul medical! V\u0103 punem la dispozi\u021bie&#8230;<\/p>\n","protected":false},"author":1,"featured_media":0,"parent":0,"menu_order":0,"comment_status":"closed","ping_status":"closed","template":"","meta":{"site-sidebar-layout":"no-sidebar","site-content-layout":"page-builder","ast-site-content-layout":"","site-content-style":"default","site-sidebar-style":"default","ast-global-header-display":"","ast-banner-title-visibility":"","ast-main-header-display":"","ast-hfb-above-header-display":"","ast-hfb-below-header-display":"","ast-hfb-mobile-header-display":"","site-post-title":"disabled","ast-breadcrumbs-content":"","ast-featured-img":"disabled","footer-sml-layout":"","theme-transparent-header-meta":"","adv-header-id-meta":"","stick-header-meta":"","header-above-stick-meta":"","header-main-stick-meta":"","header-below-stick-meta":"","astra-migrate-meta-layouts":"","footnotes":""},"class_list":["post-24633","page","type-page","status-publish","hentry"],"_links":{"self":[{"href":"https:\/\/as-prim.ro\/index.php?rest_route=\/wp\/v2\/pages\/24633","targetHints":{"allow":["GET"]}}],"collection":[{"href":"https:\/\/as-prim.ro\/index.php?rest_route=\/wp\/v2\/pages"}],"about":[{"href":"https:\/\/as-prim.ro\/index.php?rest_route=\/wp\/v2\/types\/page"}],"author":[{"embeddable":true,"href":"https:\/\/as-prim.ro\/index.php?rest_route=\/wp\/v2\/users\/1"}],"replies":[{"embeddable":true,"href":"https:\/\/as-prim.ro\/index.php?rest_route=%2Fwp%2Fv2%2Fcomments&post=24633"}],"version-history":[{"count":123,"href":"https:\/\/as-prim.ro\/index.php?rest_route=\/wp\/v2\/pages\/24633\/revisions"}],"predecessor-version":[{"id":28623,"href":"https:\/\/as-prim.ro\/index.php?rest_route=\/wp\/v2\/pages\/24633\/revisions\/28623"}],"wp:attachment":[{"href":"https:\/\/as-prim.ro\/index.php?rest_route=%2Fwp%2Fv2%2Fmedia&parent=24633"}],"curies":[{"name":"wp","href":"https:\/\/api.w.org\/{rel}","templated":true}]}}