{"id":25443,"date":"2022-07-09T10:55:23","date_gmt":"2022-07-09T07:55:23","guid":{"rendered":"https:\/\/as-prim.ro\/?page_id=25443"},"modified":"2026-04-03T17:11:22","modified_gmt":"2026-04-03T14:11:22","slug":"program-stiintific","status":"publish","type":"page","link":"https:\/\/as-prim.ro\/?page_id=25443","title":{"rendered":"Program \u0219tiin\u021bific"},"content":{"rendered":"\t\t<div data-elementor-type=\"wp-page\" data-elementor-id=\"25443\" class=\"elementor elementor-25443\">\n\t\t\t\t\t\t<section class=\"elementor-section elementor-top-section elementor-element elementor-element-38f51257 elementor-section-boxed elementor-section-height-default elementor-section-height-default\" data-id=\"38f51257\" data-element_type=\"section\" data-e-type=\"section\" data-settings=\"{&quot;background_background&quot;:&quot;classic&quot;}\">\n\t\t\t\t\t\t\t<div class=\"elementor-background-overlay\"><\/div>\n\t\t\t\t\t\t\t<div class=\"elementor-container elementor-column-gap-default\">\n\t\t\t\t\t<div class=\"elementor-column elementor-col-100 elementor-top-column elementor-element elementor-element-116169e2\" data-id=\"116169e2\" data-element_type=\"column\" data-e-type=\"column\" data-settings=\"{&quot;background_background&quot;:&quot;classic&quot;}\">\n\t\t\t<div class=\"elementor-widget-wrap elementor-element-populated\">\n\t\t\t\t\t\t<div class=\"elementor-element elementor-element-540e5b4a elementor-widget elementor-widget-spacer\" data-id=\"540e5b4a\" data-element_type=\"widget\" data-e-type=\"widget\" data-widget_type=\"spacer.default\">\n\t\t\t\t<div class=\"elementor-widget-container\">\n\t\t\t\t\t\t\t<div class=\"elementor-spacer\">\n\t\t\t<div class=\"elementor-spacer-inner\"><\/div>\n\t\t<\/div>\n\t\t\t\t\t\t<\/div>\n\t\t\t\t<\/div>\n\t\t\t\t<div class=\"elementor-element elementor-element-489178a8 elementor-widget__width-initial elementor-widget elementor-widget-heading\" data-id=\"489178a8\" data-element_type=\"widget\" data-e-type=\"widget\" data-widget_type=\"heading.default\">\n\t\t\t\t<div class=\"elementor-widget-container\">\n\t\t\t\t\t<h1 class=\"elementor-heading-title elementor-size-default\">Conferin\u021ba Profesioni\u0219tilor din <br>Asisten\u021ba Medical\u0103 Primar\u0103<\/h1>\t\t\t\t<\/div>\n\t\t\t\t<\/div>\n\t\t\t\t<div class=\"elementor-element elementor-element-30db602f elementor-widget-divider--view-line elementor-widget elementor-widget-divider\" data-id=\"30db602f\" data-element_type=\"widget\" data-e-type=\"widget\" data-widget_type=\"divider.default\">\n\t\t\t\t<div class=\"elementor-widget-container\">\n\t\t\t\t\t\t\t<div class=\"elementor-divider\">\n\t\t\t<span class=\"elementor-divider-separator\">\n\t\t\t\t\t\t<\/span>\n\t\t<\/div>\n\t\t\t\t\t\t<\/div>\n\t\t\t\t<\/div>\n\t\t\t\t<div class=\"elementor-element elementor-element-28799665 elementor-widget__width-initial elementor-widget elementor-widget-heading\" data-id=\"28799665\" data-element_type=\"widget\" data-e-type=\"widget\" data-widget_type=\"heading.default\">\n\t\t\t\t<div class=\"elementor-widget-container\">\n\t\t\t\t\t<h1 class=\"elementor-heading-title elementor-size-default\">7-9 Mai 2026<\/h1>\t\t\t\t<\/div>\n\t\t\t\t<\/div>\n\t\t\t\t<div class=\"elementor-element elementor-element-f7e400d elementor-widget elementor-widget-heading\" data-id=\"f7e400d\" data-element_type=\"widget\" data-e-type=\"widget\" data-widget_type=\"heading.default\">\n\t\t\t\t<div class=\"elementor-widget-container\">\n\t\t\t\t\t<h2 class=\"elementor-heading-title elementor-size-default\">\u00ceMPREUN\u0102 PENTRU ASISTEN\u021aA PRIMAR\u0102!<\/h2>\t\t\t\t<\/div>\n\t\t\t\t<\/div>\n\t\t\t\t<div class=\"elementor-element elementor-element-7c025895 elementor-widget__width-initial elementor-widget elementor-widget-heading\" data-id=\"7c025895\" data-element_type=\"widget\" data-e-type=\"widget\" data-widget_type=\"heading.default\">\n\t\t\t\t<div class=\"elementor-widget-container\">\n\t\t\t\t\t<h1 class=\"elementor-heading-title elementor-size-default\">BRA\u0218OV \/ Aula \u201eSergiu T. Chiriacescu\u201d a Universit\u0103\u021bii Transilvania Bra\u0219ov<br><\/h1>\t\t\t\t<\/div>\n\t\t\t\t<\/div>\n\t\t\t\t<div class=\"elementor-element elementor-element-28b03092 elementor-widget-divider--view-line elementor-widget elementor-widget-divider\" data-id=\"28b03092\" data-element_type=\"widget\" data-e-type=\"widget\" data-widget_type=\"divider.default\">\n\t\t\t\t<div class=\"elementor-widget-container\">\n\t\t\t\t\t\t\t<div class=\"elementor-divider\">\n\t\t\t<span class=\"elementor-divider-separator\">\n\t\t\t\t\t\t<\/span>\n\t\t<\/div>\n\t\t\t\t\t\t<\/div>\n\t\t\t\t<\/div>\n\t\t\t\t<div class=\"elementor-element elementor-element-dfb47dc elementor-widget elementor-widget-spacer\" data-id=\"dfb47dc\" data-element_type=\"widget\" data-e-type=\"widget\" data-widget_type=\"spacer.default\">\n\t\t\t\t<div class=\"elementor-widget-container\">\n\t\t\t\t\t\t\t<div class=\"elementor-spacer\">\n\t\t\t<div class=\"elementor-spacer-inner\"><\/div>\n\t\t<\/div>\n\t\t\t\t\t\t<\/div>\n\t\t\t\t<\/div>\n\t\t\t\t\t<\/div>\n\t\t<\/div>\n\t\t\t\t\t<\/div>\n\t\t<\/section>\n\t\t\t\t<section class=\"elementor-section elementor-top-section elementor-element elementor-element-b468284 elementor-section-boxed elementor-section-height-default elementor-section-height-default\" data-id=\"b468284\" data-element_type=\"section\" data-e-type=\"section\" data-settings=\"{&quot;background_background&quot;:&quot;classic&quot;}\">\n\t\t\t\t\t\t<div class=\"elementor-container elementor-column-gap-default\">\n\t\t\t\t\t<div class=\"elementor-column elementor-col-100 elementor-top-column elementor-element elementor-element-259c5c4\" data-id=\"259c5c4\" data-element_type=\"column\" data-e-type=\"column\">\n\t\t\t<div class=\"elementor-widget-wrap elementor-element-populated\">\n\t\t\t\t\t\t<div class=\"elementor-element elementor-element-55383b6 elementor-widget elementor-widget-spacer\" data-id=\"55383b6\" data-element_type=\"widget\" data-e-type=\"widget\" data-widget_type=\"spacer.default\">\n\t\t\t\t<div class=\"elementor-widget-container\">\n\t\t\t\t\t\t\t<div class=\"elementor-spacer\">\n\t\t\t<div class=\"elementor-spacer-inner\"><\/div>\n\t\t<\/div>\n\t\t\t\t\t\t<\/div>\n\t\t\t\t<\/div>\n\t\t\t\t<div class=\"elementor-element elementor-element-5e61c71 elementor-widget__width-initial elementor-widget-mobile__width-initial elementor-widget elementor-widget-heading\" data-id=\"5e61c71\" data-element_type=\"widget\" data-e-type=\"widget\" data-widget_type=\"heading.default\">\n\t\t\t\t<div class=\"elementor-widget-container\">\n\t\t\t\t\t<h2 class=\"elementor-heading-title elementor-size-default\"><h2 class=\"elementor-heading-title elementor-size-default elementor-inline-editing pen\" data-elementor-setting-key=\"title\" data-pen-placeholder=\"Type Here...\" style=\"font-size: 64px;font-style: normal;font-family: Roboto, sans-serif\">Program \u0219tiin\u021bific<\/h2><\/h2>\t\t\t\t<\/div>\n\t\t\t\t<\/div>\n\t\t\t\t<div class=\"elementor-element elementor-element-78e1332 elementor-widget elementor-widget-spacer\" data-id=\"78e1332\" data-element_type=\"widget\" data-e-type=\"widget\" data-widget_type=\"spacer.default\">\n\t\t\t\t<div class=\"elementor-widget-container\">\n\t\t\t\t\t\t\t<div class=\"elementor-spacer\">\n\t\t\t<div class=\"elementor-spacer-inner\"><\/div>\n\t\t<\/div>\n\t\t\t\t\t\t<\/div>\n\t\t\t\t<\/div>\n\t\t\t\t\t<\/div>\n\t\t<\/div>\n\t\t\t\t\t<\/div>\n\t\t<\/section>\n\t\t\t\t<section class=\"elementor-section elementor-top-section elementor-element elementor-element-d624635 elementor-section-boxed elementor-section-height-default elementor-section-height-default\" data-id=\"d624635\" data-element_type=\"section\" data-e-type=\"section\" data-settings=\"{&quot;background_background&quot;:&quot;classic&quot;}\">\n\t\t\t\t\t\t<div class=\"elementor-container elementor-column-gap-default\">\n\t\t\t\t\t<div class=\"elementor-column elementor-col-100 elementor-top-column elementor-element elementor-element-758440e\" data-id=\"758440e\" data-element_type=\"column\" data-e-type=\"column\">\n\t\t\t<div class=\"elementor-widget-wrap elementor-element-populated\">\n\t\t\t\t\t\t<div class=\"elementor-element elementor-element-04f634d elementor-widget elementor-widget-text-editor\" data-id=\"04f634d\" data-element_type=\"widget\" data-e-type=\"widget\" data-widget_type=\"text-editor.default\">\n\t\t\t\t<div class=\"elementor-widget-container\">\n\t\t\t\t\t\t\t\t\t<p>Suntem \u00eenc\u00e2nta\u0163i s\u0103 v\u0103 punem la dispozi\u0163ie programul \u015ftiin\u0163ific al edi\u0163iei din acest an al Conferin\u0163ei As-Prim, \u201eBolile cronice \u00een prim\u0103 linie\u201d.<\/p><p>Acesta poate fi vizualizat acces\u00e2nd butonul de mai jos:<\/p>\t\t\t\t\t\t\t\t<\/div>\n\t\t\t\t<\/div>\n\t\t\t\t<div class=\"elementor-element elementor-element-d1acd68 elementor-button-warning elementor-align-center elementor-widget elementor-widget-button\" data-id=\"d1acd68\" data-element_type=\"widget\" data-e-type=\"widget\" data-widget_type=\"button.default\">\n\t\t\t\t<div class=\"elementor-widget-container\">\n\t\t\t\t\t\t\t\t\t<div class=\"elementor-button-wrapper\">\n\t\t\t\t\t<a class=\"elementor-button elementor-button-link elementor-size-sm\" href=\"http:\/\/as-prim.ro\/wp-content\/uploads\/2026\/04\/Program-Stiintific-AS-PRIM-2026.pdf\">\n\t\t\t\t\t\t<span class=\"elementor-button-content-wrapper\">\n\t\t\t\t\t\t\t\t\t<span class=\"elementor-button-text\">Program \u0219tiin\u021bific<\/span>\n\t\t\t\t\t<\/span>\n\t\t\t\t\t<\/a>\n\t\t\t\t<\/div>\n\t\t\t\t\t\t\t\t<\/div>\n\t\t\t\t<\/div>\n\t\t\t\t\t<\/div>\n\t\t<\/div>\n\t\t\t\t\t<\/div>\n\t\t<\/section>\n\t\t\t\t<section class=\"elementor-section elementor-top-section elementor-element elementor-element-69816c0 elementor-section-boxed elementor-section-height-default elementor-section-height-default\" data-id=\"69816c0\" data-element_type=\"section\" data-e-type=\"section\">\n\t\t\t\t\t\t<div class=\"elementor-container elementor-column-gap-default\">\n\t\t\t\t\t<div class=\"elementor-column elementor-col-100 elementor-top-column elementor-element elementor-element-d44c203\" data-id=\"d44c203\" data-element_type=\"column\" data-e-type=\"column\">\n\t\t\t<div class=\"elementor-widget-wrap\">\n\t\t\t\t\t\t\t<\/div>\n\t\t<\/div>\n\t\t\t\t\t<\/div>\n\t\t<\/section>\n\t\t\t\t<\/div>\n\t\t","protected":false},"excerpt":{"rendered":"<p>Conferin\u021ba Profesioni\u0219tilor din Asisten\u021ba Medical\u0103 Primar\u0103 7-9 Mai 2026 \u00ceMPREUN\u0102 PENTRU ASISTEN\u021aA PRIMAR\u0102! BRA\u0218OV \/ Aula \u201eSergiu T. Chiriacescu\u201d a Universit\u0103\u021bii Transilvania Bra\u0219ov Program \u0219tiin\u021bific Suntem \u00eenc\u00e2nta\u0163i s\u0103 v\u0103 punem la dispozi\u0163ie programul \u015ftiin\u0163ific al edi\u0163iei din acest an al Conferin\u0163ei As-Prim, \u201eBolile cronice \u00een prim\u0103 linie\u201d. Acesta poate fi vizualizat acces\u00e2nd butonul de mai&#8230;<\/p>\n","protected":false},"author":1,"featured_media":25532,"parent":0,"menu_order":0,"comment_status":"closed","ping_status":"closed","template":"","meta":{"site-sidebar-layout":"no-sidebar","site-content-layout":"page-builder","ast-site-content-layout":"","site-content-style":"default","site-sidebar-style":"default","ast-global-header-display":"","ast-banner-title-visibility":"","ast-main-header-display":"","ast-hfb-above-header-display":"","ast-hfb-below-header-display":"","ast-hfb-mobile-header-display":"","site-post-title":"disabled","ast-breadcrumbs-content":"","ast-featured-img":"disabled","footer-sml-layout":"","theme-transparent-header-meta":"","adv-header-id-meta":"","stick-header-meta":"","header-above-stick-meta":"","header-main-stick-meta":"","header-below-stick-meta":"","astra-migrate-meta-layouts":"","footnotes":""},"class_list":["post-25443","page","type-page","status-publish","has-post-thumbnail","hentry"],"_links":{"self":[{"href":"https:\/\/as-prim.ro\/index.php?rest_route=\/wp\/v2\/pages\/25443","targetHints":{"allow":["GET"]}}],"collection":[{"href":"https:\/\/as-prim.ro\/index.php?rest_route=\/wp\/v2\/pages"}],"about":[{"href":"https:\/\/as-prim.ro\/index.php?rest_route=\/wp\/v2\/types\/page"}],"author":[{"embeddable":true,"href":"https:\/\/as-prim.ro\/index.php?rest_route=\/wp\/v2\/users\/1"}],"replies":[{"embeddable":true,"href":"https:\/\/as-prim.ro\/index.php?rest_route=%2Fwp%2Fv2%2Fcomments&post=25443"}],"version-history":[{"count":300,"href":"https:\/\/as-prim.ro\/index.php?rest_route=\/wp\/v2\/pages\/25443\/revisions"}],"predecessor-version":[{"id":28871,"href":"https:\/\/as-prim.ro\/index.php?rest_route=\/wp\/v2\/pages\/25443\/revisions\/28871"}],"wp:featuredmedia":[{"embeddable":true,"href":"https:\/\/as-prim.ro\/index.php?rest_route=\/wp\/v2\/media\/25532"}],"wp:attachment":[{"href":"https:\/\/as-prim.ro\/index.php?rest_route=%2Fwp%2Fv2%2Fmedia&parent=25443"}],"curies":[{"name":"wp","href":"https:\/\/api.w.org\/{rel}","templated":true}]}}