{"id":26022,"date":"2022-11-16T17:49:41","date_gmt":"2022-11-16T14:49:41","guid":{"rendered":"https:\/\/as-prim.ro\/?page_id=26022"},"modified":"2026-02-10T20:10:55","modified_gmt":"2026-02-10T17:10:55","slug":"sesiune-postere","status":"publish","type":"page","link":"https:\/\/as-prim.ro\/?page_id=26022","title":{"rendered":"SESIUNE POSTERE"},"content":{"rendered":"\t\t<div data-elementor-type=\"wp-page\" data-elementor-id=\"26022\" class=\"elementor elementor-26022\">\n\t\t\t\t\t\t<section class=\"elementor-section elementor-top-section elementor-element elementor-element-4ed161a3 elementor-section-boxed elementor-section-height-default elementor-section-height-default\" data-id=\"4ed161a3\" data-element_type=\"section\" data-e-type=\"section\" data-settings=\"{&quot;background_background&quot;:&quot;classic&quot;}\">\n\t\t\t\t\t\t\t<div class=\"elementor-background-overlay\"><\/div>\n\t\t\t\t\t\t\t<div class=\"elementor-container elementor-column-gap-default\">\n\t\t\t\t\t<div class=\"elementor-column elementor-col-100 elementor-top-column elementor-element elementor-element-5c93a56b\" data-id=\"5c93a56b\" data-element_type=\"column\" data-e-type=\"column\" data-settings=\"{&quot;background_background&quot;:&quot;classic&quot;}\">\n\t\t\t<div class=\"elementor-widget-wrap elementor-element-populated\">\n\t\t\t\t\t\t<div class=\"elementor-element elementor-element-2de7b24d elementor-widget elementor-widget-spacer\" data-id=\"2de7b24d\" data-element_type=\"widget\" data-e-type=\"widget\" data-widget_type=\"spacer.default\">\n\t\t\t\t<div class=\"elementor-widget-container\">\n\t\t\t\t\t\t\t<div class=\"elementor-spacer\">\n\t\t\t<div class=\"elementor-spacer-inner\"><\/div>\n\t\t<\/div>\n\t\t\t\t\t\t<\/div>\n\t\t\t\t<\/div>\n\t\t\t\t<div class=\"elementor-element elementor-element-17bbc19f elementor-widget__width-initial elementor-widget elementor-widget-heading\" data-id=\"17bbc19f\" data-element_type=\"widget\" data-e-type=\"widget\" data-widget_type=\"heading.default\">\n\t\t\t\t<div class=\"elementor-widget-container\">\n\t\t\t\t\t<h1 class=\"elementor-heading-title elementor-size-default\">Conferin\u021ba Profesioni\u0219tilor din <br>Asisten\u021ba Medical\u0103 Primar\u0103<\/h1>\t\t\t\t<\/div>\n\t\t\t\t<\/div>\n\t\t\t\t<div class=\"elementor-element elementor-element-69ae328c elementor-widget-divider--view-line elementor-widget elementor-widget-divider\" data-id=\"69ae328c\" data-element_type=\"widget\" data-e-type=\"widget\" data-widget_type=\"divider.default\">\n\t\t\t\t<div class=\"elementor-widget-container\">\n\t\t\t\t\t\t\t<div class=\"elementor-divider\">\n\t\t\t<span class=\"elementor-divider-separator\">\n\t\t\t\t\t\t<\/span>\n\t\t<\/div>\n\t\t\t\t\t\t<\/div>\n\t\t\t\t<\/div>\n\t\t\t\t<div class=\"elementor-element elementor-element-5f774e7 elementor-widget__width-initial elementor-widget elementor-widget-heading\" data-id=\"5f774e7\" data-element_type=\"widget\" data-e-type=\"widget\" data-widget_type=\"heading.default\">\n\t\t\t\t<div class=\"elementor-widget-container\">\n\t\t\t\t\t<h1 class=\"elementor-heading-title elementor-size-default\">Sesiunea de postere<\/h1>\t\t\t\t<\/div>\n\t\t\t\t<\/div>\n\t\t\t\t<div class=\"elementor-element elementor-element-506d730d elementor-widget__width-initial elementor-widget elementor-widget-heading\" data-id=\"506d730d\" data-element_type=\"widget\" data-e-type=\"widget\" data-widget_type=\"heading.default\">\n\t\t\t\t<div class=\"elementor-widget-container\">\n\t\t\t\t\t<h1 class=\"elementor-heading-title elementor-size-default\">7-9 Mai 2026<\/h1>\t\t\t\t<\/div>\n\t\t\t\t<\/div>\n\t\t\t\t<div class=\"elementor-element elementor-element-60b95c13 elementor-widget elementor-widget-heading\" data-id=\"60b95c13\" data-element_type=\"widget\" data-e-type=\"widget\" data-widget_type=\"heading.default\">\n\t\t\t\t<div class=\"elementor-widget-container\">\n\t\t\t\t\t<h2 class=\"elementor-heading-title elementor-size-default\">\u00ceMPREUN\u0102 PENTRU ASISTEN\u021aA PRIMAR\u0102!<\/h2>\t\t\t\t<\/div>\n\t\t\t\t<\/div>\n\t\t\t\t<div class=\"elementor-element elementor-element-5160efb4 elementor-widget__width-initial elementor-widget elementor-widget-heading\" data-id=\"5160efb4\" data-element_type=\"widget\" data-e-type=\"widget\" data-widget_type=\"heading.default\">\n\t\t\t\t<div class=\"elementor-widget-container\">\n\t\t\t\t\t<h1 class=\"elementor-heading-title elementor-size-default\">BRA\u0218OV \/ Aula \u201eSergiu T. Chiriacescu\u201d a Universit\u0103\u021bii Transilvania Bra\u0219ov<br><\/h1>\t\t\t\t<\/div>\n\t\t\t\t<\/div>\n\t\t\t\t<div class=\"elementor-element elementor-element-3a9eb434 elementor-widget-divider--view-line elementor-widget elementor-widget-divider\" data-id=\"3a9eb434\" data-element_type=\"widget\" data-e-type=\"widget\" data-widget_type=\"divider.default\">\n\t\t\t\t<div class=\"elementor-widget-container\">\n\t\t\t\t\t\t\t<div class=\"elementor-divider\">\n\t\t\t<span class=\"elementor-divider-separator\">\n\t\t\t\t\t\t<\/span>\n\t\t<\/div>\n\t\t\t\t\t\t<\/div>\n\t\t\t\t<\/div>\n\t\t\t\t<div class=\"elementor-element elementor-element-2c7bbe65 elementor-widget elementor-widget-spacer\" data-id=\"2c7bbe65\" data-element_type=\"widget\" data-e-type=\"widget\" data-widget_type=\"spacer.default\">\n\t\t\t\t<div class=\"elementor-widget-container\">\n\t\t\t\t\t\t\t<div class=\"elementor-spacer\">\n\t\t\t<div class=\"elementor-spacer-inner\"><\/div>\n\t\t<\/div>\n\t\t\t\t\t\t<\/div>\n\t\t\t\t<\/div>\n\t\t\t\t\t<\/div>\n\t\t<\/div>\n\t\t\t\t\t<\/div>\n\t\t<\/section>\n\t\t\t\t<section class=\"elementor-section elementor-top-section elementor-element elementor-element-ed347dd elementor-section-boxed elementor-section-height-default elementor-section-height-default\" data-id=\"ed347dd\" data-element_type=\"section\" data-e-type=\"section\">\n\t\t\t\t\t\t<div class=\"elementor-container elementor-column-gap-default\">\n\t\t\t\t\t<div class=\"elementor-column elementor-col-100 elementor-top-column elementor-element elementor-element-fb18061\" data-id=\"fb18061\" data-element_type=\"column\" data-e-type=\"column\">\n\t\t\t<div class=\"elementor-widget-wrap elementor-element-populated\">\n\t\t\t\t\t\t<div class=\"elementor-element elementor-element-561818f elementor-widget elementor-widget-spacer\" data-id=\"561818f\" data-element_type=\"widget\" data-e-type=\"widget\" data-widget_type=\"spacer.default\">\n\t\t\t\t<div class=\"elementor-widget-container\">\n\t\t\t\t\t\t\t<div class=\"elementor-spacer\">\n\t\t\t<div class=\"elementor-spacer-inner\"><\/div>\n\t\t<\/div>\n\t\t\t\t\t\t<\/div>\n\t\t\t\t<\/div>\n\t\t\t\t\t<\/div>\n\t\t<\/div>\n\t\t\t\t\t<\/div>\n\t\t<\/section>\n\t\t\t\t<section class=\"elementor-section elementor-top-section elementor-element elementor-element-dd271a6 elementor-section-boxed elementor-section-height-default elementor-section-height-default\" data-id=\"dd271a6\" data-element_type=\"section\" data-e-type=\"section\">\n\t\t\t\t\t\t<div class=\"elementor-container elementor-column-gap-default\">\n\t\t\t\t\t<div class=\"elementor-column elementor-col-100 elementor-top-column elementor-element elementor-element-cd94d08\" data-id=\"cd94d08\" data-element_type=\"column\" data-e-type=\"column\">\n\t\t\t<div class=\"elementor-widget-wrap elementor-element-populated\">\n\t\t\t\t\t\t<div class=\"elementor-element elementor-element-6f9173e elementor-widget__width-initial elementor-widget-mobile__width-initial elementor-widget elementor-widget-heading\" data-id=\"6f9173e\" data-element_type=\"widget\" data-e-type=\"widget\" data-widget_type=\"heading.default\">\n\t\t\t\t<div class=\"elementor-widget-container\">\n\t\t\t\t\t<h2 class=\"elementor-heading-title elementor-size-default\">Ghid de participare - Sesiunea de postere AS-PRIM 2026<\/h2>\t\t\t\t<\/div>\n\t\t\t\t<\/div>\n\t\t\t\t\t<\/div>\n\t\t<\/div>\n\t\t\t\t\t<\/div>\n\t\t<\/section>\n\t\t\t\t<section class=\"elementor-section elementor-top-section elementor-element elementor-element-b178e7e elementor-section-boxed elementor-section-height-default elementor-section-height-default\" data-id=\"b178e7e\" data-element_type=\"section\" data-e-type=\"section\">\n\t\t\t\t\t\t<div class=\"elementor-container elementor-column-gap-default\">\n\t\t\t\t\t<div class=\"elementor-column elementor-col-100 elementor-top-column elementor-element elementor-element-5adb3dd\" data-id=\"5adb3dd\" data-element_type=\"column\" data-e-type=\"column\">\n\t\t\t<div class=\"elementor-widget-wrap elementor-element-populated\">\n\t\t\t\t\t\t<div class=\"elementor-element elementor-element-dcf24aa elementor-widget__width-initial elementor-widget-mobile__width-initial elementor-widget elementor-widget-heading\" data-id=\"dcf24aa\" data-element_type=\"widget\" data-e-type=\"widget\" data-widget_type=\"heading.default\">\n\t\t\t\t<div class=\"elementor-widget-container\">\n\t\t\t\t\t<h2 class=\"elementor-heading-title elementor-size-default\">TEMA - BOLILE CRONICE \u00ceN PRIMA LINIE<\/h2>\t\t\t\t<\/div>\n\t\t\t\t<\/div>\n\t\t\t\t<div class=\"elementor-element elementor-element-b0031d6 elementor-widget elementor-widget-spacer\" data-id=\"b0031d6\" data-element_type=\"widget\" data-e-type=\"widget\" data-widget_type=\"spacer.default\">\n\t\t\t\t<div class=\"elementor-widget-container\">\n\t\t\t\t\t\t\t<div class=\"elementor-spacer\">\n\t\t\t<div class=\"elementor-spacer-inner\"><\/div>\n\t\t<\/div>\n\t\t\t\t\t\t<\/div>\n\t\t\t\t<\/div>\n\t\t\t\t<div class=\"elementor-element elementor-element-e96f24e elementor-widget elementor-widget-text-editor\" data-id=\"e96f24e\" data-element_type=\"widget\" data-e-type=\"widget\" data-widget_type=\"text-editor.default\">\n\t\t\t\t<div class=\"elementor-widget-container\">\n\t\t\t\t\t\t\t\t\t<p>Sesiunea de postere din cadrul Conferin\u021bei AS-PRIM 2026 \u00ee\u0219i propune s\u0103 stimuleze schimbul de idei, colaborarea interdisciplinar\u0103 \u0219i diseminarea rezultatelor cercet\u0103rii \u0219tiin\u021bifice relevante pentru practica medical\u0103 actual\u0103. Sunt invita\u021bi s\u0103 participe cu lucr\u0103ri \u0219tiin\u021bifice <strong>medici reziden\u021bi \u00een specialitatea medicin\u0103 de familie<\/strong>, precum \u0219i <strong>doctoranzi,<\/strong> <strong>al\u021bi medici reziden\u021bi din diferite specialit\u0103\u021bi<\/strong>, \u00een calitate de coautori sau contributori, \u00een cadrul unor <strong>echipe mixte\/multidisciplinare<\/strong>.<\/p><ol><li><strong> Organizarea \u0219i structura posterului<\/strong><\/li><\/ol><p>Pentru asigurarea unui standard academic unitar \u0219i a unei evalu\u0103ri corecte, posterul trebuie s\u0103 respecte urm\u0103toarea structur\u0103:<\/p><ul><li><strong>Titlul lucr\u0103rii<\/strong>, numele autorului principal \u0219i ale coautorilor\/contributorilor vor fi pozi\u021bionate \u00een partea superioar\u0103 a posterului;<\/li><li>Titlul posterului trebuie s\u0103 fie <strong>identic<\/strong> cu titlul rezumatului transmis spre evaluare;<\/li><li>Structura recomandat\u0103 a con\u021binutului este:<ul><li>Introducere<\/li><li>Obiective (se pot preciza un obiectiv principal \u0219i obiective secundare)<\/li><li>Metodologie<\/li><li>Rezultate<\/li><li>Concluzii<\/li><\/ul><\/li><\/ul><p>Se recomand\u0103 ca informa\u021biile s\u0103 fie organizate <strong>de la st\u00e2nga la dreapta<\/strong>, pentru a facilita parcurgerea logic\u0103 a con\u021binutului.<br \/><strong>Concluziile<\/strong> pot fi amplasate \u00een col\u021bul din dreapta jos al posterului.<br \/>Op\u021bional, pot fi incluse <strong>c\u00e2teva referin\u021be bibliografice relevante<\/strong>, selectate conform normelor academice.<\/p><ol start=\"2\"><li><strong> \u00censcrierea rezumatelor pentru Sesiunea Postere<\/strong><\/li><\/ol><p>Participarea la sesiunea de postere se realizeaz\u0103 prin <strong>trimiterea unui rezumat \u0219tiin\u021bific<\/strong>, redactat obligatoriu:<\/p><ul><li>\u00een <strong>limba rom\u00e2n\u0103<\/strong> (cu diacritice);<\/li><li>\u00een <strong>limba englez\u0103<\/strong>.<\/li><\/ul><p>Fiecare variant\u0103 lingvistic\u0103 trebuie s\u0103 con\u021bin\u0103 <strong>\u00eentre 250 \u0219i 350 de cuvinte<\/strong>.<br \/>Font recomandat: <strong>Times New Roman<\/strong>.<\/p><p><strong>Reguli de redactare a rezumatelor<\/strong><\/p><ul><li>Titlul rezumatului trebuie s\u0103 fie clar, concis \u0219i informativ (maximum <strong>25\u201330 de cuvinte<\/strong>);<\/li><li>Textul rezumatului nu va con\u021bine grafice, imagini, tabele sau schi\u021be;<\/li><li>Textul va fi redactat <strong>f\u0103r\u0103 aliniat, f\u0103r\u0103 paragrafare sau indent\u0103ri<\/strong>;<\/li><li>Autorii sunt ruga\u021bi s\u0103 se asigure c\u0103 textul nu con\u021bine erori ortografice sau gramaticale;<\/li><li>Toate abrevierile trebuie explicate la prima utilizare \u0219i s\u0103 respecte standardele acceptate la nivel interna\u021bional;<\/li><li>Op\u021bional, pot fi incluse c\u00e2teva <strong>referin\u021be bibliografice<\/strong>, men\u021bionate la finalul rezumatului.<\/li><\/ul><p><strong>Transmitere \u0219i termene-limit\u0103<\/strong><\/p><ul><li>Pute\u021bi \u00eenc\u0103rca rezumatele \u00een cadrul profilului dvs., ap\u0103s\u00e2nd butonul Upload, sub sec\u021biunea numit\u0103 \u201e\u00cenc\u0103rca\u021bi abstractul\u201d. De asemenea, rezumatele se pot transmite \u0219i prin e-mail la adresa: <strong>asprimbrasov@gmail.com<\/strong>, \u00een format Word (.doc);<\/li><li>Termen-limit\u0103 pentru trimiterea rezumatelor: <strong>1 aprilie 2026<\/strong>;<\/li><li>Retransmiterea rezumatelor revizuite (dac\u0103 sunt solicitate modific\u0103ri): <strong>6 aprilie 2026<\/strong>;<\/li><li>Confirmarea accept\u0103rii rezumatelor: <strong>13 aprilie 2026<\/strong>;<\/li><li>Transmiterea versiunii finale a posterului: <strong>27 aprilie 2026<\/strong>.<\/li><\/ul><p>Comitetul \u0218tiin\u021bific \u00ee\u0219i rezerv\u0103 dreptul:<\/p><ul><li>de a accepta sau respinge lucr\u0103rile primite;<\/li><li>de a propune schimbarea formei de prezentare (de exemplu, comunicare oral\u0103), cu notificarea autorilor \u00een timp util.<\/li><\/ul><ol start=\"3\"><li><strong> Formatul \u0219i tip\u0103rirea posterului<\/strong><\/li><\/ol><ul><li>Dimensiune poster: <strong>A0<\/strong> (118 \u00d7 84 cm), <strong>landscape sau portret<\/strong>;<\/li><li>Print color.<\/li><\/ul><p>Pentru o bun\u0103 lizibilitate, posterul trebuie s\u0103 poat\u0103 fi citit de la o distan\u021b\u0103 de aproximativ <strong>2 metri<\/strong>. Se recomand\u0103:<\/p><ul><li>utilizarea fonturilor cu dimensiuni <strong>minime de 24<\/strong>;<\/li><li>evitarea imaginilor de dimensiuni reduse.<\/li><\/ul><p><strong>Expunerea posterelor<\/strong><\/p><ul><li>Depunerea posterelor: <strong>7 &#8211; 9 mai 2026<\/strong>;<\/li><li>Loca\u021bie: <strong>Aula Universit\u0103\u021bii Transilvania din Bra\u0219ov<\/strong>;<\/li><li>Posterele vor fi expuse \u00een perioada <strong>7\u201310 mai 2026<\/strong>, \u00een zona special amenajat\u0103;<\/li><li>Afi\u0219area se va realiza conform tematicii \u0219i programului \u0219tiin\u021bific al Conferin\u021bei.<\/li><\/ul><ol start=\"4\"><li><strong> Prezentare \u0219i evaluare<\/strong><\/li><\/ol><p>Evaluarea posterelor va avea loc pe durata Conferin\u021bei, <strong>7\u20139 mai 2026<\/strong>, de c\u0103tre Comisia de jurizare.<\/p><p>Se recomand\u0103 ca <strong>autorii \u0219i, pe c\u00e2t posibil, \u0219i coautorii\/contributorii<\/strong> s\u0103 fie prezen\u021bi pentru a facilita dialogul academic \u0219i feedback-ul constructiv.<\/p><p>Criterii apreciate \u00een mod special:<\/p><ul><li>colaborarea \u00een echipe mixte\/multidisciplinare;<\/li><li>utilizarea materialelor <strong>eco-friendly<\/strong> pentru print;<\/li><li>solu\u021bii de prezentare sustenabile.<\/li><\/ul><p>Posterele moderate vor fi prezentate de autori \u00een cadrul sesiunii dedicate, cu o durat\u0103 de <strong>3\u20135 minute<\/strong>.<\/p><p><strong>Premiere \u0219i beneficii<\/strong><\/p><p>C\u00e2\u0219tig\u0103torii vor fi anun\u021ba\u021bi folosind datele de contact furnizate \u00een rezumat, \u00een vederea preg\u0103tirii prezent\u0103rii orale asociate posterului.<br \/>Prezentarea va avea loc \u00een <strong>ultima zi a Conferin\u021bei<\/strong>, \u00een cadrul <strong>festivit\u0103\u021bii de premiere<\/strong>.<\/p><p><strong>Beneficii pentru autori \u0219i coautori\/contributori<\/strong><\/p><ul><li><strong>\u00censcriere gratuit\u0103<\/strong> la Conferin\u021ba AS-PRIM 2026;<\/li><li><strong>Voucher de reducere de 50%<\/strong> pentru urm\u0103toarea edi\u021bie a Conferin\u021bei AS-PRIM.<\/li><\/ul><p>V\u0103 dorim tuturor <strong>mult succes<\/strong>, inspira\u021bie \u0219i o experien\u021b\u0103 \u0219tiin\u021bific\u0103 valoroas\u0103 \u00een cadrul Conferin\u021bei AS-PRIM 2026!<\/p>\t\t\t\t\t\t\t\t<\/div>\n\t\t\t\t<\/div>\n\t\t\t\t\t<\/div>\n\t\t<\/div>\n\t\t\t\t\t<\/div>\n\t\t<\/section>\n\t\t\t\t<\/div>\n\t\t","protected":false},"excerpt":{"rendered":"<p>Conferin\u021ba Profesioni\u0219tilor din Asisten\u021ba Medical\u0103 Primar\u0103 Sesiunea de postere 7-9 Mai 2026 \u00ceMPREUN\u0102 PENTRU ASISTEN\u021aA PRIMAR\u0102! BRA\u0218OV \/ Aula \u201eSergiu T. Chiriacescu\u201d a Universit\u0103\u021bii Transilvania Bra\u0219ov Ghid de participare &#8211; Sesiunea de postere AS-PRIM 2026 TEMA &#8211; BOLILE CRONICE \u00ceN PRIMA LINIE Sesiunea de postere din cadrul Conferin\u021bei AS-PRIM 2026 \u00ee\u0219i propune s\u0103 stimuleze schimbul&#8230;<\/p>\n","protected":false},"author":1,"featured_media":0,"parent":0,"menu_order":0,"comment_status":"closed","ping_status":"closed","template":"","meta":{"site-sidebar-layout":"no-sidebar","site-content-layout":"page-builder","ast-site-content-layout":"","site-content-style":"default","site-sidebar-style":"default","ast-global-header-display":"","ast-banner-title-visibility":"","ast-main-header-display":"","ast-hfb-above-header-display":"","ast-hfb-below-header-display":"","ast-hfb-mobile-header-display":"","site-post-title":"disabled","ast-breadcrumbs-content":"","ast-featured-img":"disabled","footer-sml-layout":"","theme-transparent-header-meta":"","adv-header-id-meta":"","stick-header-meta":"","header-above-stick-meta":"","header-main-stick-meta":"","header-below-stick-meta":"","astra-migrate-meta-layouts":"","footnotes":""},"class_list":["post-26022","page","type-page","status-publish","hentry"],"_links":{"self":[{"href":"https:\/\/as-prim.ro\/index.php?rest_route=\/wp\/v2\/pages\/26022","targetHints":{"allow":["GET"]}}],"collection":[{"href":"https:\/\/as-prim.ro\/index.php?rest_route=\/wp\/v2\/pages"}],"about":[{"href":"https:\/\/as-prim.ro\/index.php?rest_route=\/wp\/v2\/types\/page"}],"author":[{"embeddable":true,"href":"https:\/\/as-prim.ro\/index.php?rest_route=\/wp\/v2\/users\/1"}],"replies":[{"embeddable":true,"href":"https:\/\/as-prim.ro\/index.php?rest_route=%2Fwp%2Fv2%2Fcomments&post=26022"}],"version-history":[{"count":99,"href":"https:\/\/as-prim.ro\/index.php?rest_route=\/wp\/v2\/pages\/26022\/revisions"}],"predecessor-version":[{"id":28593,"href":"https:\/\/as-prim.ro\/index.php?rest_route=\/wp\/v2\/pages\/26022\/revisions\/28593"}],"wp:attachment":[{"href":"https:\/\/as-prim.ro\/index.php?rest_route=%2Fwp%2Fv2%2Fmedia&parent=26022"}],"curies":[{"name":"wp","href":"https:\/\/api.w.org\/{rel}","templated":true}]}}