{"id":28923,"date":"2026-04-15T19:10:50","date_gmt":"2026-04-15T16:10:50","guid":{"rendered":"https:\/\/as-prim.ro\/?post_type=product&#038;p=28923"},"modified":"2026-04-15T19:11:30","modified_gmt":"2026-04-15T16:11:30","slug":"late-asistent-medical","status":"publish","type":"product","link":"https:\/\/as-prim.ro\/?product=late-asistent-medical","title":{"rendered":"LATE \u2013 Asistent medical"},"content":{"rendered":"<p><strong>Biletul<\/strong>\u00a0v\u0103 asigur\u0103:<\/p>\n<ul>\n<li>Participare la toate sesiunile plenare;<\/li>\n<li>Participare la 3 Workshop-uri, \u00een limita locurilor disponibile;<\/li>\n<li>Creditare CMR \u0219i OAMMR, dac\u0103 participantul ia parte la cel pu\u021bin 70% din sesiunile conferin\u021bei;<\/li>\n<li>Mapa conferin\u021bei;<\/li>\n<li>Coffee Break &amp; Lunch.<\/li>\n<\/ul>\n","protected":false},"excerpt":{"rendered":"<p>Biletul\u00a0v\u0103 asigur\u0103: Participare la toate sesiunile plenare; Participare la 3 Workshop-uri, \u00een limita locurilor disponibile; Creditare CMR \u0219i OAMMR, dac\u0103 participantul ia parte la cel pu\u021bin 70% din sesiunile conferin\u021bei; Mapa conferin\u021bei; Coffee Break &amp; Lunch.<\/p>\n","protected":false},"featured_media":28924,"template":"","meta":{"site-sidebar-layout":"default","site-content-layout":"","ast-site-content-layout":"default","site-content-style":"default","site-sidebar-style":"default","ast-global-header-display":"","ast-banner-title-visibility":"","ast-main-header-display":"","ast-hfb-above-header-display":"","ast-hfb-below-header-display":"","ast-hfb-mobile-header-display":"","site-post-title":"","ast-breadcrumbs-content":"","ast-featured-img":"","footer-sml-layout":"","theme-transparent-header-meta":"default","adv-header-id-meta":"","stick-header-meta":"","header-above-stick-meta":"","header-main-stick-meta":"","header-below-stick-meta":"","astra-migrate-meta-layouts":"set"},"product_brand":[],"product_cat":[22],"product_tag":[],"class_list":{"0":"post-28923","1":"product","2":"type-product","3":"status-publish","4":"has-post-thumbnail","6":"product_cat-uncategorised","7":"desktop-align-left","8":"tablet-align-left","9":"mobile-align-left","11":"first","12":"instock","13":"virtual","14":"sold-individually","15":"taxable","16":"purchasable","17":"product-type-simple"},"_links":{"self":[{"href":"https:\/\/as-prim.ro\/index.php?rest_route=\/wp\/v2\/product\/28923","targetHints":{"allow":["GET"]}}],"collection":[{"href":"https:\/\/as-prim.ro\/index.php?rest_route=\/wp\/v2\/product"}],"about":[{"href":"https:\/\/as-prim.ro\/index.php?rest_route=\/wp\/v2\/types\/product"}],"wp:featuredmedia":[{"embeddable":true,"href":"https:\/\/as-prim.ro\/index.php?rest_route=\/wp\/v2\/media\/28924"}],"wp:attachment":[{"href":"https:\/\/as-prim.ro\/index.php?rest_route=%2Fwp%2Fv2%2Fmedia&parent=28923"}],"wp:term":[{"taxonomy":"product_brand","embeddable":true,"href":"https:\/\/as-prim.ro\/index.php?rest_route=%2Fwp%2Fv2%2Fproduct_brand&post=28923"},{"taxonomy":"product_cat","embeddable":true,"href":"https:\/\/as-prim.ro\/index.php?rest_route=%2Fwp%2Fv2%2Fproduct_cat&post=28923"},{"taxonomy":"product_tag","embeddable":true,"href":"https:\/\/as-prim.ro\/index.php?rest_route=%2Fwp%2Fv2%2Fproduct_tag&post=28923"}],"curies":[{"name":"wp","href":"https:\/\/api.w.org\/{rel}","templated":true}]}}